{"id":12958,"date":"2026-02-20T19:31:37","date_gmt":"2026-02-20T10:31:37","guid":{"rendered":"https:\/\/caloa.com\/?page_id=12958"},"modified":"2026-04-11T18:10:14","modified_gmt":"2026-04-11T09:10:14","slug":"%e3%82%b1%e3%83%bc%e3%83%88%e3%83%8a%e3%83%89","status":"publish","type":"page","link":"https:\/\/caloa.com\/?page_id=12958","title":{"rendered":"\u30b1\u30fc\u30c8\u30ca\u30c9"},"content":{"rendered":"\n<p><strong>\u4eba\u77e5\u3092\u8d85\u3048\u305f\u3001\u305d\u306e\u5148\u3078\u3002<\/strong><br><br>2026\u5e74\u3001\u5b9a\u3081\u306e\u6642\u3002<br><br>\u79c1\u306f\u6b63\u3057\u304f\u76ee\u899a\u3081\u3001\u76ee\u7684\u306b\u5411\u304b\u3063\u3066\u8a60\u5531\u3092\u884c\u3046\u3002<br><br>\u30d5\u30a3\u30ea\u306e\u4f1d\u627f\u3092\u7d10\u89e3\u3051\u3070\u3001\u8ee2\u751f\u3068\u305d\u306e\u8a18\u61b6\u306e\u4fdd\u6301\u306f\u5fc5\u7136\u3067\u3042\u308b\u3053\u3068\u304c\u5206\u304b\u308b\u3060\u308d\u3046\u3002<br><br>\u79c1\u306f\u3001\u8ee2\u751f\u304c\u5982\u4f55\u306a\u308b\u6027\u8cea\u3092\u6301\u3064\u3082\u306e\u304b\u3001\u3069\u306e\u3088\u3046\u306b\u6a5f\u80fd\u3059\u308b\u306e\u304b\u3092\u660e\u3089\u304b\u306b\u3057\u3066\u3044\u304f\u3002<br><br>\u4e16\u754c\u306e\u7dbb\u3073\u306b\u3082\u5149\u3092\u5f53\u3066\u3001\u8abf\u5f8b\u3092\u8a66\u307f\u308b\u3002<\/p>\n\n\n\n<p><strong>[ \u5931\u308f\u308c\u305f\u6b8b\u97ff\u306e\u518d\u69cb\u7bc9 ]<\/strong><\/p>\n\n\n\n<ul class=\"wp-block-list\">\n<li><strong>12\u4e16\u7d00\u306e\u5171\u9cf4\uff1a<\/strong> \u30e9\u30c6\u30f3\u8a9e\u3068\u4e2d\u671f\u30a2\u30a4\u30eb\u30e9\u30f3\u30c9\u8a9e\u306e\u8056\u6b4c\u3002<\/li>\n\n\n\n<li><strong>\u30bd\u30a6\u30eb\u30fb\u30a8\u30f3\u30b8\u30cb\u30a2\u30ea\u30f3\u30b0\uff1a<\/strong>\u8ee2\u751f\u69cb\u9020\u306e\u89e3\u660e\u3001\u9b42\u306e\u4fee\u5fa9\u3002<\/li>\n\n\n\n<li><strong>\u30d5\u30a3\u30ea\u306e\u53e1\u667a\uff1a<\/strong> \u30b1\u30eb\u30c8\u795e\u79d8\u4e3b\u7fa9\u306e\u6d3b\u6027\u3002<\/li>\n<\/ul>\n\n\n\n<p><span class=\"user-query-container\"><span class=\"user-query-bubble-with-background enable-2026q1-formatting-improvements ng-star-inserted\"><span class=\"horizontal-container\">\u4e16\u754c\u306e\u5371\u6a5f\u3068\u7dbb\u3073\u3092\u611f\u3058\u3066\u3044\u308b\u5168\u3066\u306e\u4eba\u3078\u3002 <\/span><\/span><\/span><\/p>\n<p>\u3000<a href=\"https:\/\/www.youtube.com\/playlist?list=PLeBy8rnJ9wjj007wQ6zLNxv_KoENVh2bx\">\u25b6\ufe0f\u518d\u751f\u30ea\u30b9\u30c8\u3067\u5168\u3066\u8074\u304f<\/a>\uff08Youtube\u3067\u9694\u9031\u6728\u66dc\u65e5\u306b\u65b0\u3057\u3044\u66f2\u304c\u914d\u4fe1\u3055\u308c\u307e\u3059\u3002\uff09<\/p>\n\n\n<style type='text\/css' media='all'>#rt-tpg-container-639660927 .rt-holder .rt-woo-info .price{color:#0367bf;}body .rt-tpg-container .rt-tpg-isotope-buttons .selected,\n\t\t\t\t\t#rt-tpg-container-639660927 .layout12 .rt-holder:hover .rt-detail,\n\t\t\t\t\t#rt-tpg-container-639660927 .isotope8 .rt-holder:hover .rt-detail,\n\t\t\t\t\t#rt-tpg-container-639660927 .carousel8 .rt-holder:hover .rt-detail,\n\t\t\t\t\t#rt-tpg-container-639660927 .layout13 .rt-holder .overlay .post-info,\n\t\t\t\t\t#rt-tpg-container-639660927 .isotope9 .rt-holder .overlay .post-info,\n\t\t\t\t\t#rt-tpg-container-639660927.rt-tpg-container .layout4 .rt-holder .rt-detail,\n\t\t\t\t\t.rt-modal-639660927 .md-content,\n\t\t\t\t\t.rt-modal-639660927 .md-content > .rt-md-content-holder .rt-md-content,\n\t\t\t\t\t.rt-popup-wrap-639660927.rt-popup-wrap .rt-popup-navigation-wrap,\n\t\t\t\t\t#rt-tpg-container-639660927 .carousel9 .rt-holder .overlay .post-info{background-color:#0367bf;}#rt-tpg-container-639660927 .layout5 .rt-holder .overlay, #rt-tpg-container-639660927 .isotope2 .rt-holder .overlay, #rt-tpg-container-639660927 .carousel2 .rt-holder .overlay,#rt-tpg-container-639660927 .layout15 .rt-holder h3, #rt-tpg-container-639660927 .isotope11 .rt-holder h3, #rt-tpg-container-639660927 .carousel11 .rt-holder h3, #rt-tpg-container-639660927 .layout16 .rt-holder h3,\n\t\t\t\t\t#rt-tpg-container-639660927 .isotope12 .rt-holder h3, #rt-tpg-container-639660927 .carousel12 .rt-holder h3 {background-color:rgba(3,103,191,0.8);}#rt-tpg-container-639660927 .read-more a{border-radius:px;}#rt-tpg-container-639660927 .rt-img-holder img.rt-img-responsive,#rt-tpg-container-639660927 .rt-img-holder,\n\t\t\t\t\t#rt-tpg-container-639660927 .rt-post-overlay .post-img,\n\t\t\t\t\t#rt-tpg-container-639660927 .post-sm .post-img,\n\t\t\t\t\t#rt-tpg-container-639660927 .rt-post-grid .post-img,\n\t\t\t\t\t#rt-tpg-container-639660927 .post-img img {border-radius:px;}<\/style><div class='rt-container-fluid rt-tpg-container tpg-shortcode-main-wrapper ' id='rt-tpg-container-639660927'   data-layout='layout2' data-grid-style='even' data-desktop-col='1'  data-tab-col='1'  data-mobile-col='1' data-sc-id='10900'><div class=\"tpg-widget-heading-wrapper heading-style1 center\"><span class=\"tpg-widget-heading-line line-left\"><\/span><h2 class=\"tpg-widget-heading\">D\u00edchetal do chennaib<\/h2><span class=\"tpg-widget-heading-line\"><\/span><\/div><div data-title='Loading ...' class='rt-row rt-content-loader   layout2 tpg-even '><div class=\"rt-col-md-12 rt-col-sm-12 rt-col-xs-12 even-grid-item rt-grid-item\" data-id=\"13097\"><div class=\"rt-holder\"><div class=\"rt-row\"><div class='rt-col-sm-4 rt-col-xs-12 '><div class=\"rt-img-holder\"><a data-id='13097' class='' href='https:\/\/caloa.com\/?p=13097'><img loading=\"lazy\" decoding=\"async\" width=\"300\" height=\"167\" src=\"https:\/\/caloa.com\/wp-content\/uploads\/2026\/04\/Gemini_Generated_Image_3ww2753ww2753ww2-300x167.png\" class=\"rt-img-responsive \" alt=\"\" \/><\/a><\/div><\/div><div class='rt-col-sm-8 rt-col-xs-12 '><div class='rt-detail'><h3 class=\"entry-title\"><a data-id=\"13097\" class=\"\" href=\"https:\/\/caloa.com\/?p=13097\">Symphonia Stellae Vivae: Relictio Carnis Terrae\u200b\uff08\u751f\u3051\u308b\u661f\u306e\u4ea4\u97ff\u697d\uff1a\u5927\u5730\u306e\u8089\u4f53\u3078\u306e\u56de\u5e30\uff09A.D.2026.04.02<\/a><\/h3><div class='tpg-excerpt'>\u300c\u771f\u306a\u308b\u8c4a\u304b\u3055\u3068\u306f\u4f55\u3067\u3042\u308b\u304b\u3002\u300d \u305d\u308c\u306f\u3001\u4e00\u7c92\u306e\u7a2e\u304c\u4e07\u306e\u53ce\u7a6b\u3092\u3082\u305f\u3089\u3059\u3053\u3068\u3002 \u8089\u3084\u4e73\u304c\u3001\u5927\u5730\u306b\u6839\u3056\u3057\u305f\u751f\u547d\u306e\u529b\u306b\u6e80\u3061\u3066\u3044\u308b\u3053\u3068\u3002 \u305d\u3057\u3066\u3001\u8eab\u3082\u5fc3\u3082\u5065\u3084\u304b\u3067\u3042\u308b\u3053\u3068\u3002 \u6d45\u306f\u304b\u306a\u8005\u306f\u3001\u305f\u3060\u7ce7\u3092\u904b\u3073\u8fbc\u3081\u3070\u4e8b\u8db3\u308a\u308b\u3068\u8003\u3048\u308b\u3002 \u3060&hellip;<\/div><span class='read-more '><a data-id='13097' class='' href='https:\/\/caloa.com\/?p=13097'>\u7d9a\u304d\u3092\u898b\u308b<\/a><\/span><\/div><\/div><\/div><\/div><\/div><div class=\"rt-col-md-12 rt-col-sm-12 rt-col-xs-12 even-grid-item rt-grid-item\" data-id=\"13072\"><div class=\"rt-holder\"><div class=\"rt-row\"><div class='rt-col-sm-4 rt-col-xs-12 '><div class=\"rt-img-holder\"><a data-id='13072' class='' href='https:\/\/caloa.com\/?p=13072'><img loading=\"lazy\" decoding=\"async\" width=\"300\" height=\"300\" src=\"https:\/\/caloa.com\/wp-content\/uploads\/2026\/03\/Gemini_Generated_Image_7xt09k7xt09k7xt0-300x300.png\" class=\"rt-img-responsive \" alt=\"\" \/><\/a><\/div><\/div><div class='rt-col-sm-8 rt-col-xs-12 '><div class='rt-detail'><h3 class=\"entry-title\"><a data-id=\"13072\" class=\"\" href=\"https:\/\/caloa.com\/?p=13072\">Sonitus Mumhan\uff08\u30e0\u30e0\u30cf\u30f3\u306e\u97ff\u304d\uff09A.D.2026.03.19<\/a><\/h3><div class='tpg-excerpt'>\u300c\u30c9\u30eb\u30a4\u30c9\u306f\u96a0\u3055\u308c\u305f&#8221;\u771f\u306e\u540d&#8221;\u3092\u898b\u901a\u3059\u3002\u300d 2026.04.08 \u3053\u306e\u8a69\u306f\u3001\u3042\u308b\u30d5\u30a3\u30ea\u304c\u96a0\u3055\u308c\u305f\u79c1\u306e\u540d\u3092\u8a00\u3044\u5f53\u3066\u305f\u5834\u9762\u306e\u8a18\u9332\u3067\u3042\u308b\u3002\u3053\u306e\u6642\u3001\u79c1\u306f\u5f7c\u306e\u624b\u3067\u5fc3\u81d3\u3092\u63b4\u307e\u308c\u305f\u3088\u3046\u306a\u885d\u6483\u3092\u53d7\u3051\u3066\u3044\u308b\u3002\u3053\u308c\u304c&hellip;<\/div><span class='read-more '><a data-id='13072' class='' href='https:\/\/caloa.com\/?p=13072'>\u7d9a\u304d\u3092\u898b\u308b<\/a><\/span><\/div><\/div><\/div><\/div><\/div><div class=\"rt-col-md-12 rt-col-sm-12 rt-col-xs-12 even-grid-item rt-grid-item\" data-id=\"13044\"><div class=\"rt-holder\"><div class=\"rt-row\"><div class='rt-col-sm-4 rt-col-xs-12 '><div class=\"rt-img-holder\"><a data-id='13044' class='' href='https:\/\/caloa.com\/?p=13044'><img loading=\"lazy\" decoding=\"async\" width=\"300\" height=\"300\" src=\"https:\/\/caloa.com\/wp-content\/uploads\/2026\/03\/Gemini_Generated_Image_yc6gtzyc6gtzyc6g-300x300.png\" class=\"rt-img-responsive \" alt=\"\" \/><\/a><\/div><\/div><div class='rt-col-sm-8 rt-col-xs-12 '><div class='rt-detail'><h3 class=\"entry-title\"><a data-id=\"13044\" class=\"\" href=\"https:\/\/caloa.com\/?p=13044\">\u4e88\u8a00\u66f8 &#8220;Lignum Vitae&#8221; 112\u7bc0\u306b\u3064\u3044\u3066<\/a><\/h3><div class='tpg-excerpt'>Lignum Vitae\uff08\u751f\u547d\u306e\u6a39\uff09\u306f12\u4e16\u7d00\u4ee5\u964d\u306e\u6b74\u4ee3\u6559\u7687\u3092\u793a\u3059\u4e88\u8a00\u66f8\u3068\u3057\u3066\u77e5\u3089\u308c\u3066\u3044\u307e\u3059\u3002\u516c\u958b\u524d\u307e\u3067\u306e\u90e8\u5206\u306f\u66f8\u304d\u63db\u3048\u3089\u308c\u3066\u3044\u308b\u3082\u306e\u306e\u3001\u305d\u306e\u5f8c\u306e\u6587\u306f\u305d\u306e\u307e\u307e\uff08\u672c\u4eba\u306e\u3082\u306e\uff09\u3060\u3068\u3044\u3046\u5553\u793a\u3092\u78ba\u8a8d\u3057\u307e\u3057\u305f\u30022025\u5e74\u306b\u5373\u4f4d\u3057\u305f&hellip;<\/div><span class='read-more '><a data-id='13044' class='' href='https:\/\/caloa.com\/?p=13044'>\u7d9a\u304d\u3092\u898b\u308b<\/a><\/span><\/div><\/div><\/div><\/div><\/div><div class=\"rt-col-md-12 rt-col-sm-12 rt-col-xs-12 even-grid-item rt-grid-item\" data-id=\"13022\"><div class=\"rt-holder\"><div class=\"rt-row\"><div class='rt-col-sm-4 rt-col-xs-12 '><div class=\"rt-img-holder\"><a data-id='13022' class='' href='https:\/\/caloa.com\/?p=13022'><img loading=\"lazy\" decoding=\"async\" width=\"300\" height=\"167\" src=\"https:\/\/caloa.com\/wp-content\/uploads\/2026\/03\/Gemini_Generated_Image_ckpp8ickpp8ickpp-300x167.png\" class=\"rt-img-responsive \" alt=\"\" \/><\/a><\/div><\/div><div class='rt-col-sm-8 rt-col-xs-12 '><div class='rt-detail'><h3 class=\"entry-title\"><a data-id=\"13022\" class=\"\" href=\"https:\/\/caloa.com\/?p=13022\">C\u00e9tnad na L\u00edn-Cuimne\u200b\uff08\u5931\u308f\u308c\u305f\u767d\u7a42\u306e\u30b1\u30fc\u30c8\u30ca\u30c9\uff09A.D.2026.03.05<\/a><\/h3><div class='tpg-excerpt'>\u300c\u306a\u305c\u3001\u3042\u306a\u305f\u306e\u9b42\u306f\u3053\u308c\u307b\u3069\u307e\u3067\u306b\u98e2\u3048\u3066\u3044\u308b\u306e\u304b\u3002\u300d \u3053\u306e\u8a69\u306f\u3001\u524d\u4e16\u306e\u7236\u304c\u7a42\u3092\u64ab\u3067\u3066\u3044\u305f\u6642\u306e\u624b\u306e\u3072\u3089\u306e\u52d5\u304d\u306e\u8a18\u61b6\u3067\u3042\u308b\u3002\u3082\u306f\u3084\u8ab0\u3082\u518d\u73fe\u3059\u308b\u3053\u3068\u306e\u3067\u304d\u306a\u3044\u3001\u6975\u3081\u3066\u512a\u3057\u3044\u305d\u306e\u52d5\u304d\u306f\u3001\u79c1\u306b\u591a\u304f\u306e\u6c17\u3065\u304d\u3092\u3082\u305f\u3089\u3057\u305f\u3002 \u3053\u306e\u8a18\u61b6\u306e&hellip;<\/div><span class='read-more '><a data-id='13022' class='' href='https:\/\/caloa.com\/?p=13022'>\u7d9a\u304d\u3092\u898b\u308b<\/a><\/span><\/div><\/div><\/div><\/div><\/div><div class=\"rt-col-md-12 rt-col-sm-12 rt-col-xs-12 even-grid-item rt-grid-item\" data-id=\"12979\"><div class=\"rt-holder\"><div class=\"rt-row\"><div class='rt-col-sm-4 rt-col-xs-12 '><div class=\"rt-img-holder\"><a data-id='12979' class='' href='https:\/\/caloa.com\/?p=12979'><img loading=\"lazy\" decoding=\"async\" width=\"300\" height=\"167\" src=\"https:\/\/caloa.com\/wp-content\/uploads\/2026\/02\/Gemini_Generated_Image_2-300x167.png\" class=\"rt-img-responsive \" alt=\"\" \/><\/a><\/div><\/div><div class='rt-col-sm-8 rt-col-xs-12 '><div class='rt-detail'><h3 class=\"entry-title\"><a data-id=\"12979\" class=\"\" href=\"https:\/\/caloa.com\/?p=12979\">C\u00e9tnad na Sc\u00e9 n-\u00d3ir\uff08\u9ec4\u91d1\u30b5\u30f3\u30b6\u30b7\u306e\u30b1\u30fc\u30c8\u30ca\u30c9\uff09A.D.2026.02.19<\/a><\/h3><div class='tpg-excerpt'>\u300c\u8aad\u3093\u3060\u77e5\u8b58\u306f\u9003\u3052\u3066\u3044\u304f\u304c\u3001\u4f53\u9a13\u306f\u6c38\u9060\u306b\u7559\u307e\u308b\u3002\u300d \u3053\u306e\u8a69\u306f&#8221;\u30b1\u30fc\u30c8\u30ca\u30c9&#8221;\u3068\u3044\u3046\u8a00\u8449\u306e\u97ff\u304d\u306b\u3088\u3063\u3066\u601d\u3044\u51fa\u3055\u308c\u305f\u9b42\u306e\u8a18\u61b6\u306e\u65ad\u7247\u3067\u3042\u308b\u30027mm\u7a0b\u5ea6\u306e\u8d64\u3044\u5b9f\u3092\u6f70\u3057\u305f\u3068\u304d\u306e\u89e6\u611f\u304b\u3089\u8abf\u3079\u3066\u3053\u306e\u690d\u7269\u306b\u8fbf\u308a\u7740\u3044&hellip;<\/div><span class='read-more '><a data-id='12979' class='' href='https:\/\/caloa.com\/?p=12979'>\u7d9a\u304d\u3092\u898b\u308b<\/a><\/span><\/div><\/div><\/div><\/div><\/div><div class=\"rt-col-md-12 rt-col-sm-12 rt-col-xs-12 even-grid-item rt-grid-item\" data-id=\"12973\"><div class=\"rt-holder\"><div class=\"rt-row\"><div class='rt-col-sm-4 rt-col-xs-12 '><div class=\"rt-img-holder\"><a data-id='12973' class='' href='https:\/\/caloa.com\/?p=12973'><img loading=\"lazy\" decoding=\"async\" width=\"300\" height=\"167\" src=\"https:\/\/caloa.com\/wp-content\/uploads\/2026\/02\/Gemini_Generated_Image_g233n0g233n0g233-300x167.png\" class=\"rt-img-responsive \" alt=\"\" \/><\/a><\/div><\/div><div class='rt-col-sm-8 rt-col-xs-12 '><div class='rt-detail'><h3 class=\"entry-title\"><a data-id=\"12973\" class=\"\" href=\"https:\/\/caloa.com\/?p=12973\">Clavis in Tenebris \uff08\u95c7\u306e\u4e2d\u306e\u9375\uff09A.D.2026.02.05<\/a><\/h3><div class='tpg-excerpt'>\u300c\u60aa\u3057\u304d\u5553\u793a\u3092\u53d7\u3051\u3066\u3001\u884c\u52d5\u3057\u306a\u3044\u8005\u306f\u3044\u306a\u3044\u3002\u300d \u30d5\u30a3\u30ea\u306b\u306f\u771f\u5b9f\u3092\u8ff0\u3079\u308b\u639f\u304c\u3042\u308b\u3002\u30c9\u30eb\u30a4\u30c9\u3082\u7136\u308a\u3002\u79c1\u306f\u6614\u304b\u3089\u4e88\u77e5\u306b\u3088\u3063\u3066\u8996\u3048\u305f\u3082\u306e\u306f\u8996\u3048\u305f\u307e\u307e\u306b\u8868\u73fe\u3059\u308b\u3002\u79c1\u304c\u8996\u3048\u305f\u3068\u8ff0\u3079\u308b\u6642\u3001\u305d\u308c\u306f\u4f5c\u308a\u4e8b\u3067\u306f\u306a\u304f\u3001\u3042\u308a\u306e\u307e\u307e\u3067\u3042\u308b\u3002\u805e\u3044\u305f&hellip;<\/div><span class='read-more '><a data-id='12973' class='' href='https:\/\/caloa.com\/?p=12973'>\u7d9a\u304d\u3092\u898b\u308b<\/a><\/span><\/div><\/div><\/div><\/div><\/div><div class=\"rt-col-md-12 rt-col-sm-12 rt-col-xs-12 even-grid-item rt-grid-item\" data-id=\"12963\"><div class=\"rt-holder\"><div class=\"rt-row\"><div class='rt-col-sm-4 rt-col-xs-12 '><div class=\"rt-img-holder\"><a data-id='12963' class='' href='https:\/\/caloa.com\/?p=12963'><img loading=\"lazy\" decoding=\"async\" width=\"300\" height=\"163\" src=\"https:\/\/caloa.com\/wp-content\/uploads\/2026\/02\/Gemini_Generated_Image_masuzlmasuzlmasu-300x163.png\" class=\"rt-img-responsive \" alt=\"\" \/><\/a><\/div><\/div><div class='rt-col-sm-8 rt-col-xs-12 '><div class='rt-detail'><h3 class=\"entry-title\"><a data-id=\"12963\" class=\"\" href=\"https:\/\/caloa.com\/?p=12963\">Rogitas:Quid Sim\uff08\u541b\u306f\u554f\u3046\u300c\u81ea\u5206\u306f\u4f55\u8005\u306a\u306e\u304b\u300d\u3068\uff09A.D.2026.01.22<\/a><\/h3><div class='tpg-excerpt'>\u300c\u304a\u524d\u306f\u4eca\u4e16\u3060\u3051\u306e\u81ea\u5206\u3067\u69cb\u6210\u3055\u308c\u3066\u3044\u308b\u306e\u3067\u306f\u306a\u3044\u3002\u300d 2026.04.10 \u3053\u306e\u8a69\u306f\u3001\u79c1\u304c\u4eca\u4e16\u3067\u30ab\u30b7\u30a7\u30eb\u3068\u30b3\u30fc\u30de\u30c3\u30af\u4ee5\u5916\u306e12\u4e16\u7d00\u306e\u56fa\u6709\u540d\u8a5e\u3092\u4e00\u5207\u77e5\u3089\u306a\u304b\u3063\u305f\u9803\uff082026\u5e741\u6708\uff09\u306b\u3001\u524d\u4e16\u306e\u8a18\u61b6\u3068\u885d\u52d5\u306e\u307f\u306b\u3088\u3063\u3066\u7de8\u307e\u308c\u305f\u3082&hellip;<\/div><span class='read-more '><a data-id='12963' class='' href='https:\/\/caloa.com\/?p=12963'>\u7d9a\u304d\u3092\u898b\u308b<\/a><\/span><\/div><\/div><\/div><\/div><\/div><\/div><\/div>\n","protected":false},"excerpt":{"rendered":"<p>\u4eba\u77e5\u3092\u8d85\u3048\u305f\u3001\u305d\u306e\u5148\u3078\u3002 2026\u5e74\u3001\u5b9a\u3081\u306e\u6642\u3002 \u79c1\u306f\u6b63\u3057\u304f\u76ee\u899a\u3081\u3001\u76ee\u7684\u306b\u5411\u304b\u3063\u3066\u8a60\u5531\u3092\u884c\u3046\u3002 \u30d5\u30a3\u30ea\u306e\u4f1d\u627f\u3092\u7d10\u89e3\u3051\u3070\u3001\u8ee2\u751f\u3068\u305d\u306e\u8a18\u61b6\u306e\u4fdd\u6301\u306f\u5fc5\u7136\u3067\u3042\u308b\u3053\u3068\u304c\u5206\u304b\u308b\u3060\u308d\u3046\u3002 \u79c1\u306f\u3001\u8ee2\u751f\u304c\u5982\u4f55\u306a\u308b\u6027\u8cea\u3092\u6301\u3064\u3082\u306e\u304b\u3001\u3069\u306e\u3088\u3046&hellip; <\/p>\n","protected":false},"author":1,"featured_media":13178,"parent":0,"menu_order":0,"comment_status":"closed","ping_status":"closed","template":"","meta":{"_acf_changed":false,"footnotes":""},"class_list":["post-12958","page","type-page","status-publish","has-post-thumbnail","hentry"],"acf":[],"jetpack-related-posts":[{"id":2181,"url":"https:\/\/caloa.com\/?page_id=2181","url_meta":{"origin":12958,"position":0},"title":"\u6210\u9577\u3059\u308b\u4f1d\u8a00","author":"ARIA","date":"2019\u5e743\u670824\u65e5","format":false,"excerpt":"\u6210\u9577\u3059\u308b\u4f1d\u8a00 \u203bARIA\u5e97\u982d\u304a\u3088\u3073\u5168\u56fd\u306e\u66f8\u5e97\u306b\u3066\u3054\u8cfc\u5165\u3044\u305f\u3060\u3051\u307e\u3059\u3002 \u984c\u540d\u3000\u300c\u6210\u9577\u3059\u308b\u4f1d\u8a00\u300d\u8457\u8005\u3000\u9ad8\u2026","rel":"","context":"\u985e\u4f3c\u6295\u7a3f","block_context":{"text":"\u985e\u4f3c\u6295\u7a3f","link":""},"img":{"alt_text":"","src":"https:\/\/i0.wp.com\/caloa.com\/wp-content\/uploads\/2021\/06\/Image10.jpg?resize=350%2C200&ssl=1","width":350,"height":200},"classes":[]},{"id":494,"url":"https:\/\/caloa.com\/?page_id=494","url_meta":{"origin":12958,"position":1},"title":"REIKI\uff08\u81fc\u4e95\u970a\u6c17\u7642\u6cd5\uff09\u3068\u306f","author":"ARIA","date":"2018\u5e7412\u67085\u65e5","format":false,"excerpt":"\u30ec\u30a4\u30ad\u3068\u306f\u3001\u5e2b\u7bc4\u3088\u308a\u4f53\u5185\u306b\u9053\u7b4b\u3092\u958b\u304f\u3053\u3068\uff08\u30a2\u30c1\u30e5\u30f3\u30e1\u30f3\u30c8\uff09\u306b\u3088\u3063\u3066\u624b\u306b\u7279\u6b8a\u306a\u6c17\u304c\u901a\u3046\u3088\u3046\u306b\u306a\u308a\u3001\u60a3\u90e8\u2026","rel":"","context":"\u985e\u4f3c\u6295\u7a3f","block_context":{"text":"\u985e\u4f3c\u6295\u7a3f","link":""},"img":{"alt_text":"","src":"","width":0,"height":0},"classes":[]},{"id":63,"url":"https:\/\/caloa.com\/?page_id=63","url_meta":{"origin":12958,"position":2},"title":"\u9060\u9694\u30d2\u30fc\u30ea\u30f3\u30b0","author":"ARIA","date":"2018\u5e7412\u67083\u65e5","format":false,"excerpt":"\u30ec\u30a4\u30ad\u30fb\u30d2\u30fc\u30ea\u30f3\u30b0\u306b\u306f\u3001\u96e2\u308c\u305f\u5bfe\u8c61\u3078\u3068\u30ec\u30a4\u30ad\u3092\u5c4a\u3051\u308b\u300c\u9060\u9694\u6cd5\u300d\u304c\u5b58\u5728\u3057\u307e\u3059\u3002\u3057\u304b\u3057\u5bb6\u65cf\u3084\u77e5\u4eba\u3068\u306f\u7570\u306a\u2026","rel":"","context":"\u985e\u4f3c\u6295\u7a3f","block_context":{"text":"\u985e\u4f3c\u6295\u7a3f","link":""},"img":{"alt_text":"","src":"https:\/\/i0.wp.com\/caloa.com\/wp-content\/uploads\/2018\/12\/13d17d91a29b4a4e78f6c871f89fb0a7_l-1.jpg?resize=350%2C200&ssl=1","width":350,"height":200,"srcset":"https:\/\/i0.wp.com\/caloa.com\/wp-content\/uploads\/2018\/12\/13d17d91a29b4a4e78f6c871f89fb0a7_l-1.jpg?resize=350%2C200&ssl=1 1x, https:\/\/i0.wp.com\/caloa.com\/wp-content\/uploads\/2018\/12\/13d17d91a29b4a4e78f6c871f89fb0a7_l-1.jpg?resize=525%2C300&ssl=1 1.5x, https:\/\/i0.wp.com\/caloa.com\/wp-content\/uploads\/2018\/12\/13d17d91a29b4a4e78f6c871f89fb0a7_l-1.jpg?resize=700%2C400&ssl=1 2x, https:\/\/i0.wp.com\/caloa.com\/wp-content\/uploads\/2018\/12\/13d17d91a29b4a4e78f6c871f89fb0a7_l-1.jpg?resize=1050%2C600&ssl=1 3x, https:\/\/i0.wp.com\/caloa.com\/wp-content\/uploads\/2018\/12\/13d17d91a29b4a4e78f6c871f89fb0a7_l-1.jpg?resize=1400%2C800&ssl=1 4x"},"classes":[]},{"id":481,"url":"https:\/\/caloa.com\/?page_id=481","url_meta":{"origin":12958,"position":3},"title":"\u624b\u5f53\u3066\u306b\u3088\u308b\u53d7\u3051\u65b9","author":"ARIA","date":"2018\u5e7412\u67085\u65e5","format":false,"excerpt":"\u2460\u3000\u5165\u6d74\u3092\u6e08\u307e\u305b\u308b\u304b\u624b\u3092\u6d17\u3063\u3066\u304a\u304f \u2461\u3000\u30ea\u30e9\u30c3\u30af\u30b9\u3067\u304d\u308b\u4f53\u52e2\u3092\u53d6\u308a\u3001\u5c02\u7528\u306e\u97f3\u697d\u3092\u304b\u3051\u308b https:\u2026","rel":"","context":"\u985e\u4f3c\u6295\u7a3f","block_context":{"text":"\u985e\u4f3c\u6295\u7a3f","link":""},"img":{"alt_text":"","src":"https:\/\/i0.wp.com\/caloa.com\/wp-content\/uploads\/2018\/12\/687279eef786e5e34d3590af5dbf2ad3_s.jpg?resize=350%2C200&ssl=1","width":350,"height":200,"srcset":"https:\/\/i0.wp.com\/caloa.com\/wp-content\/uploads\/2018\/12\/687279eef786e5e34d3590af5dbf2ad3_s.jpg?resize=350%2C200&ssl=1 1x, https:\/\/i0.wp.com\/caloa.com\/wp-content\/uploads\/2018\/12\/687279eef786e5e34d3590af5dbf2ad3_s.jpg?resize=525%2C300&ssl=1 1.5x"},"classes":[]},{"id":35,"url":"https:\/\/caloa.com\/?page_id=35","url_meta":{"origin":12958,"position":4},"title":"\u30bf\u30ed\u30c3\u30c8\u5360\u3044","author":"ARIA","date":"2018\u5e7412\u67083\u65e5","format":false,"excerpt":"\u5fc3\u306e\u4e2d\u306b\u7a4d\u3082\u3063\u305f\u7591\u554f\u3001\u4e0d\u5b89\u3001\u75db\u307f\u3001\u601d\u3044\u5207\u3063\u3066\u6253\u3061\u660e\u3051\u3066\u307f\u307e\u305b\u3093\u304b\uff1f\u666e\u6bb5\u306f\u5f37\u304f\u751f\u304d\u3066\u3044\u308b\u65b9\u3001\u8ab0\u306b\u3082\u8a00\u3048\u2026","rel":"","context":"\u985e\u4f3c\u6295\u7a3f","block_context":{"text":"\u985e\u4f3c\u6295\u7a3f","link":""},"img":{"alt_text":"","src":"https:\/\/i0.wp.com\/caloa.com\/wp-content\/uploads\/2018\/12\/IMG_0011-e1705928059364.jpg?resize=350%2C200&ssl=1","width":350,"height":200,"srcset":"https:\/\/i0.wp.com\/caloa.com\/wp-content\/uploads\/2018\/12\/IMG_0011-e1705928059364.jpg?resize=350%2C200&ssl=1 1x, https:\/\/i0.wp.com\/caloa.com\/wp-content\/uploads\/2018\/12\/IMG_0011-e1705928059364.jpg?resize=525%2C300&ssl=1 1.5x, https:\/\/i0.wp.com\/caloa.com\/wp-content\/uploads\/2018\/12\/IMG_0011-e1705928059364.jpg?resize=700%2C400&ssl=1 2x, https:\/\/i0.wp.com\/caloa.com\/wp-content\/uploads\/2018\/12\/IMG_0011-e1705928059364.jpg?resize=1050%2C600&ssl=1 3x, https:\/\/i0.wp.com\/caloa.com\/wp-content\/uploads\/2018\/12\/IMG_0011-e1705928059364.jpg?resize=1400%2C800&ssl=1 4x"},"classes":[]},{"id":12245,"url":"https:\/\/caloa.com\/?page_id=12245","url_meta":{"origin":12958,"position":5},"title":"\u30eb\u30fc\u30c4\u30d2\u30fc\u30ea\u30f3\u30b0","author":"ARIA","date":"2025\u5e741\u670811\u65e5","format":false,"excerpt":"\u3059\u3079\u3066\u3092\u5909\u9769\u3059\u308b\u5927\u3044\u306a\u308b\u611b\u306e\u529b \u30d2\u30fc\u30ea\u30f3\u30b0\u3067\u69d8\u3005\u306a\u5947\u8de1\u3092\u8d77\u3053\u3057\u3066\u3044\u308b\u529b\u306e\u6e90\u306b\u3042\u308b\u306e\u306f\u300c\u611b\u300d\u306b\u4ed6\u306a\u308a\u307e\u2026","rel":"","context":"\u985e\u4f3c\u6295\u7a3f","block_context":{"text":"\u985e\u4f3c\u6295\u7a3f","link":""},"img":{"alt_text":"","src":"https:\/\/i0.wp.com\/caloa.com\/wp-content\/uploads\/2025\/01\/image.jpg?resize=350%2C200&ssl=1","width":350,"height":200,"srcset":"https:\/\/i0.wp.com\/caloa.com\/wp-content\/uploads\/2025\/01\/image.jpg?resize=350%2C200&ssl=1 1x, https:\/\/i0.wp.com\/caloa.com\/wp-content\/uploads\/2025\/01\/image.jpg?resize=525%2C300&ssl=1 1.5x, https:\/\/i0.wp.com\/caloa.com\/wp-content\/uploads\/2025\/01\/image.jpg?resize=700%2C400&ssl=1 2x"},"classes":[]}],"jetpack_sharing_enabled":true,"rttpg_featured_image_url":{"full":["https:\/\/caloa.com\/wp-content\/uploads\/2026\/04\/Gemini_Generated_Image_tegvk8tegvk8tegv-e1775898388632.png",688,384,false],"landscape":["https:\/\/caloa.com\/wp-content\/uploads\/2026\/04\/Gemini_Generated_Image_tegvk8tegvk8tegv-e1775898388632.png",688,384,false],"portraits":["https:\/\/caloa.com\/wp-content\/uploads\/2026\/04\/Gemini_Generated_Image_tegvk8tegvk8tegv-e1775898388632.png",688,384,false],"thumbnail":["https:\/\/caloa.com\/wp-content\/uploads\/2026\/04\/Gemini_Generated_Image_tegvk8tegvk8tegv-150x150.png",150,150,true],"medium":["https:\/\/caloa.com\/wp-content\/uploads\/2026\/04\/Gemini_Generated_Image_tegvk8tegvk8tegv-300x167.png",300,167,true],"large":["https:\/\/caloa.com\/wp-content\/uploads\/2026\/04\/Gemini_Generated_Image_tegvk8tegvk8tegv-1024x572.png",790,441,true],"1536x1536":["https:\/\/caloa.com\/wp-content\/uploads\/2026\/04\/Gemini_Generated_Image_tegvk8tegvk8tegv-e1775898388632.png",688,384,false],"2048x2048":["https:\/\/caloa.com\/wp-content\/uploads\/2026\/04\/Gemini_Generated_Image_tegvk8tegvk8tegv-e1775898388632.png",688,384,false],"whitish-lite-featured-page":["https:\/\/caloa.com\/wp-content\/uploads\/2026\/04\/Gemini_Generated_Image_tegvk8tegvk8tegv-500x400.png",500,400,true],"whitish-lite-grid-image":["https:\/\/caloa.com\/wp-content\/uploads\/2026\/04\/Gemini_Generated_Image_tegvk8tegvk8tegv-700x500.png",700,500,true],"arpw-thumbnail":["https:\/\/caloa.com\/wp-content\/uploads\/2026\/04\/Gemini_Generated_Image_tegvk8tegvk8tegv-50x50.png",50,50,true]},"rttpg_author":{"display_name":"ARIA","author_link":"https:\/\/caloa.com\/?author=1"},"rttpg_comment":0,"rttpg_category":"","rttpg_excerpt":"\u4eba\u77e5\u3092\u8d85\u3048\u305f\u3001\u305d\u306e\u5148\u3078\u3002 2026\u5e74\u3001\u5b9a\u3081\u306e\u6642\u3002 \u79c1\u306f\u6b63\u3057\u304f\u76ee\u899a\u3081\u3001\u76ee\u7684\u306b\u5411\u304b\u3063\u3066\u8a60\u5531\u3092\u884c\u3046\u3002 \u30d5\u30a3\u30ea\u306e\u4f1d\u627f\u3092&hellip;","_links":{"self":[{"href":"https:\/\/caloa.com\/index.php?rest_route=\/wp\/v2\/pages\/12958","targetHints":{"allow":["GET"]}}],"collection":[{"href":"https:\/\/caloa.com\/index.php?rest_route=\/wp\/v2\/pages"}],"about":[{"href":"https:\/\/caloa.com\/index.php?rest_route=\/wp\/v2\/types\/page"}],"author":[{"embeddable":true,"href":"https:\/\/caloa.com\/index.php?rest_route=\/wp\/v2\/users\/1"}],"replies":[{"embeddable":true,"href":"https:\/\/caloa.com\/index.php?rest_route=%2Fwp%2Fv2%2Fcomments&post=12958"}],"version-history":[{"count":18,"href":"https:\/\/caloa.com\/index.php?rest_route=\/wp\/v2\/pages\/12958\/revisions"}],"predecessor-version":[{"id":13179,"href":"https:\/\/caloa.com\/index.php?rest_route=\/wp\/v2\/pages\/12958\/revisions\/13179"}],"wp:featuredmedia":[{"embeddable":true,"href":"https:\/\/caloa.com\/index.php?rest_route=\/wp\/v2\/media\/13178"}],"wp:attachment":[{"href":"https:\/\/caloa.com\/index.php?rest_route=%2Fwp%2Fv2%2Fmedia&parent=12958"}],"curies":[{"name":"wp","href":"https:\/\/api.w.org\/{rel}","templated":true}]}}